{"id":6547,"date":"2019-07-22T09:18:39","date_gmt":"2019-07-22T07:18:39","guid":{"rendered":"https:\/\/www.leschambresdusoleil-montblanc.com\/activities\/"},"modified":"2025-11-25T14:46:49","modified_gmt":"2025-11-25T13:46:49","slug":"activities","status":"publish","type":"page","link":"https:\/\/www.leschambresdusoleil-montblanc.com\/en\/activities\/","title":{"rendered":"Activities"},"content":{"rendered":"\t\t<div data-elementor-type=\"wp-page\" data-elementor-id=\"6547\" class=\"elementor elementor-6547 elementor-4682\">\n\t\t\t\t\t\t<section class=\"elementor-section elementor-top-section elementor-element elementor-element-b6b294a elementor-section-boxed elementor-section-height-default elementor-section-height-default\" data-id=\"b6b294a\" data-element_type=\"section\" data-e-type=\"section\">\n\t\t\t\t\t\t<div class=\"elementor-container elementor-column-gap-default\">\n\t\t\t\t\t<div class=\"elementor-column elementor-col-50 elementor-top-column elementor-element elementor-element-9d4cb4f\" data-id=\"9d4cb4f\" data-element_type=\"column\" data-e-type=\"column\">\n\t\t\t<div class=\"elementor-widget-wrap elementor-element-populated\">\n\t\t\t\t\t\t<div class=\"elementor-element elementor-element-a990d8b elementor-widget elementor-widget-image\" data-id=\"a990d8b\" data-element_type=\"widget\" data-e-type=\"widget\" data-widget_type=\"image.default\">\n\t\t\t\t<div class=\"elementor-widget-container\">\n\t\t\t\t\t\t\t\t\t\t\t\t\t\t\t<img fetchpriority=\"high\" decoding=\"async\" width=\"891\" height=\"658\" src=\"https:\/\/www.leschambresdusoleil-montblanc.com\/wp-content\/uploads\/2021\/06\/randonne\u0301e2-1.png\" class=\"attachment-large size-large wp-image-5816\" alt=\"\" srcset=\"https:\/\/www.leschambresdusoleil-montblanc.com\/wp-content\/uploads\/2021\/06\/randonne\u0301e2-1.png 891w, https:\/\/www.leschambresdusoleil-montblanc.com\/wp-content\/uploads\/2021\/06\/randonne\u0301e2-1-300x222.png 300w, https:\/\/www.leschambresdusoleil-montblanc.com\/wp-content\/uploads\/2021\/06\/randonne\u0301e2-1-768x567.png 768w\" sizes=\"(max-width: 891px) 100vw, 891px\" \/>\t\t\t\t\t\t\t\t\t\t\t\t\t\t\t<\/div>\n\t\t\t\t<\/div>\n\t\t\t\t\t<\/div>\n\t\t<\/div>\n\t\t\t\t<div class=\"elementor-column elementor-col-50 elementor-top-column elementor-element elementor-element-6c70de8\" data-id=\"6c70de8\" data-element_type=\"column\" data-e-type=\"column\">\n\t\t\t<div class=\"elementor-widget-wrap elementor-element-populated\">\n\t\t\t\t\t\t<div class=\"elementor-element elementor-element-7843999 elementor-widget elementor-widget-heading\" data-id=\"7843999\" data-element_type=\"widget\" data-e-type=\"widget\" data-widget_type=\"heading.default\">\n\t\t\t\t<div class=\"elementor-widget-container\">\n\t\t\t\t\t<h2 class=\"elementor-heading-title elementor-size-default\">HIKING<\/h2>\t\t\t\t<\/div>\n\t\t\t\t<\/div>\n\t\t\t\t<div class=\"elementor-element elementor-element-185467b elementor-widget elementor-widget-text-editor\" data-id=\"185467b\" data-element_type=\"widget\" data-e-type=\"widget\" data-widget_type=\"text-editor.default\">\n\t\t\t\t<div class=\"elementor-widget-container\">\n\t\t\t\t\t\t\t\t\t\n          <h6>From the Chapieux valley, the gateway to the Espace Mont Blanc, on the French side, you can do a number of hikes.<br><strong>The circuits<\/strong><br>&#8211; Le Tour du Mont Blanc<br>&#8211; Le Tour du Beaufortain<br>&#8211; Le Tour de Tarentaise<br>&#8211; Gr5<br><strong>The day hikes on marked trails:<\/strong><br>&#8211; La Pointe de la Terrasse,<br>&#8211; La T\u00eate nord des Fours,<br>&#8211; La Cr\u00eate des g\u00eetes,<br>&#8211; Le Lac de Mya,<br>&#8211; Le Col du Grand Fond, le Col de la Seigne et le Col de Chavanne,<br>&#8211; Le Sentier \u00e0 Thomas<\/h6>\n          <h6>You can also discover the Contamines-Montjoie Nature Reserve.<\/h6>\n        \t\t\t\t\t\t\t\t<\/div>\n\t\t\t\t<\/div>\n\t\t\t\t\t<\/div>\n\t\t<\/div>\n\t\t\t\t\t<\/div>\n\t\t<\/section>\n\t\t\t\t<section class=\"elementor-section elementor-top-section elementor-element elementor-element-38cbd30 elementor-section-boxed elementor-section-height-default elementor-section-height-default\" data-id=\"38cbd30\" data-element_type=\"section\" data-e-type=\"section\">\n\t\t\t\t\t\t<div class=\"elementor-container elementor-column-gap-default\">\n\t\t\t\t\t<div class=\"elementor-column elementor-col-50 elementor-top-column elementor-element elementor-element-5128d06\" data-id=\"5128d06\" data-element_type=\"column\" data-e-type=\"column\">\n\t\t\t<div class=\"elementor-widget-wrap elementor-element-populated\">\n\t\t\t\t\t\t<div class=\"elementor-element elementor-element-1d40bee elementor-widget elementor-widget-image\" data-id=\"1d40bee\" data-element_type=\"widget\" data-e-type=\"widget\" data-widget_type=\"image.default\">\n\t\t\t\t<div class=\"elementor-widget-container\">\n\t\t\t\t\t\t\t\t\t\t\t\t\t\t\t<img decoding=\"async\" width=\"600\" height=\"448\" src=\"https:\/\/www.leschambresdusoleil-montblanc.com\/wp-content\/uploads\/2021\/06\/cycliste.png\" class=\"attachment-large size-large wp-image-5498\" alt=\"\" srcset=\"https:\/\/www.leschambresdusoleil-montblanc.com\/wp-content\/uploads\/2021\/06\/cycliste.png 600w, https:\/\/www.leschambresdusoleil-montblanc.com\/wp-content\/uploads\/2021\/06\/cycliste-300x224.png 300w, https:\/\/www.leschambresdusoleil-montblanc.com\/wp-content\/uploads\/2021\/06\/cycliste-400x300.png 400w\" sizes=\"(max-width: 600px) 100vw, 600px\" \/>\t\t\t\t\t\t\t\t\t\t\t\t\t\t\t<\/div>\n\t\t\t\t<\/div>\n\t\t\t\t\t<\/div>\n\t\t<\/div>\n\t\t\t\t<div class=\"elementor-column elementor-col-50 elementor-top-column elementor-element elementor-element-c2c90f1\" data-id=\"c2c90f1\" data-element_type=\"column\" data-e-type=\"column\">\n\t\t\t<div class=\"elementor-widget-wrap elementor-element-populated\">\n\t\t\t\t\t\t<div class=\"elementor-element elementor-element-4661b13 elementor-widget elementor-widget-heading\" data-id=\"4661b13\" data-element_type=\"widget\" data-e-type=\"widget\" data-widget_type=\"heading.default\">\n\t\t\t\t<div class=\"elementor-widget-container\">\n\t\t\t\t\t<h2 class=\"elementor-heading-title elementor-size-default\">CYCLING TOURISM<\/h2>\t\t\t\t<\/div>\n\t\t\t\t<\/div>\n\t\t\t\t<div class=\"elementor-element elementor-element-85aeb80 elementor-widget elementor-widget-text-editor\" data-id=\"85aeb80\" data-element_type=\"widget\" data-e-type=\"widget\" data-widget_type=\"text-editor.default\">\n\t\t\t\t<div class=\"elementor-widget-container\">\n\t\t\t\t\t\t\t\t\t\n          <h6>Ascent of the surrounding passes<br>&#8211; le Cormet de Roselend<br>&#8211; le Col du Pr\u00e9<br>&#8211; le Col du Petit St Bernard<br>&#8211; le Col de l&#8217;Iseran.<\/h6>\n          <h6>The fabulous crossing of the Great Alps also passes through our valley.<\/h6>\n        \t\t\t\t\t\t\t\t<\/div>\n\t\t\t\t<\/div>\n\t\t\t\t\t<\/div>\n\t\t<\/div>\n\t\t\t\t\t<\/div>\n\t\t<\/section>\n\t\t\t\t<section class=\"elementor-section elementor-top-section elementor-element elementor-element-497cf3a elementor-section-boxed elementor-section-height-default elementor-section-height-default\" data-id=\"497cf3a\" data-element_type=\"section\" data-e-type=\"section\">\n\t\t\t\t\t\t<div class=\"elementor-container elementor-column-gap-default\">\n\t\t\t\t\t<div class=\"elementor-column elementor-col-50 elementor-top-column elementor-element elementor-element-4e5dc4d\" data-id=\"4e5dc4d\" data-element_type=\"column\" data-e-type=\"column\">\n\t\t\t<div class=\"elementor-widget-wrap elementor-element-populated\">\n\t\t\t\t\t\t<div class=\"elementor-element elementor-element-0cd45c1 elementor-widget elementor-widget-image\" data-id=\"0cd45c1\" data-element_type=\"widget\" data-e-type=\"widget\" data-widget_type=\"image.default\">\n\t\t\t\t<div class=\"elementor-widget-container\">\n\t\t\t\t\t\t\t\t\t\t\t\t\t\t\t<img decoding=\"async\" width=\"960\" height=\"720\" src=\"https:\/\/www.leschambresdusoleil-montblanc.com\/wp-content\/uploads\/2021\/06\/VTT-1-1024x768.jpg\" class=\"attachment-large size-large wp-image-5496\" alt=\"\" srcset=\"https:\/\/www.leschambresdusoleil-montblanc.com\/wp-content\/uploads\/2021\/06\/VTT-1-1024x768.jpg 1024w, https:\/\/www.leschambresdusoleil-montblanc.com\/wp-content\/uploads\/2021\/06\/VTT-1-300x225.jpg 300w, https:\/\/www.leschambresdusoleil-montblanc.com\/wp-content\/uploads\/2021\/06\/VTT-1-768x576.jpg 768w, https:\/\/www.leschambresdusoleil-montblanc.com\/wp-content\/uploads\/2021\/06\/VTT-1-1536x1152.jpg 1536w, https:\/\/www.leschambresdusoleil-montblanc.com\/wp-content\/uploads\/2021\/06\/VTT-1-2048x1536.jpg 2048w, https:\/\/www.leschambresdusoleil-montblanc.com\/wp-content\/uploads\/2021\/06\/VTT-1-400x300.jpg 400w\" sizes=\"(max-width: 960px) 100vw, 960px\" \/>\t\t\t\t\t\t\t\t\t\t\t\t\t\t\t<\/div>\n\t\t\t\t<\/div>\n\t\t\t\t\t<\/div>\n\t\t<\/div>\n\t\t\t\t<div class=\"elementor-column elementor-col-50 elementor-top-column elementor-element elementor-element-21ad2ec\" data-id=\"21ad2ec\" data-element_type=\"column\" data-e-type=\"column\">\n\t\t\t<div class=\"elementor-widget-wrap elementor-element-populated\">\n\t\t\t\t\t\t<div class=\"elementor-element elementor-element-8d69a74 elementor-widget elementor-widget-heading\" data-id=\"8d69a74\" data-element_type=\"widget\" data-e-type=\"widget\" data-widget_type=\"heading.default\">\n\t\t\t\t<div class=\"elementor-widget-container\">\n\t\t\t\t\t<h2 class=\"elementor-heading-title elementor-size-default\">MOUNTAIN BIKE<\/h2>\t\t\t\t<\/div>\n\t\t\t\t<\/div>\n\t\t\t\t<div class=\"elementor-element elementor-element-e4ac4e9 elementor-widget elementor-widget-text-editor\" data-id=\"e4ac4e9\" data-element_type=\"widget\" data-e-type=\"widget\" data-widget_type=\"text-editor.default\">\n\t\t\t\t<div class=\"elementor-widget-container\">\n\t\t\t\t\t\t\t\t\t\n          <h6>There are guides available at the tourist information point in Les Chapieux, next to the hotel, which will give you all the information you need for mountain biking in the valley.<\/h6>\n          <h6>Bike renting in Bourg Saint Maurice<\/h6>\n        \t\t\t\t\t\t\t\t<\/div>\n\t\t\t\t<\/div>\n\t\t\t\t\t<\/div>\n\t\t<\/div>\n\t\t\t\t\t<\/div>\n\t\t<\/section>\n\t\t\t\t<section class=\"elementor-section elementor-top-section elementor-element elementor-element-37dbdf1 elementor-section-boxed elementor-section-height-default elementor-section-height-default\" data-id=\"37dbdf1\" data-element_type=\"section\" data-e-type=\"section\">\n\t\t\t\t\t\t<div class=\"elementor-container elementor-column-gap-default\">\n\t\t\t\t\t<div class=\"elementor-column elementor-col-50 elementor-top-column elementor-element elementor-element-8e25f0f\" data-id=\"8e25f0f\" data-element_type=\"column\" data-e-type=\"column\">\n\t\t\t<div class=\"elementor-widget-wrap elementor-element-populated\">\n\t\t\t\t\t\t<div class=\"elementor-element elementor-element-6d348fa elementor-widget elementor-widget-image\" data-id=\"6d348fa\" data-element_type=\"widget\" data-e-type=\"widget\" data-widget_type=\"image.default\">\n\t\t\t\t<div class=\"elementor-widget-container\">\n\t\t\t\t\t\t\t\t\t\t\t\t\t\t\t<img loading=\"lazy\" decoding=\"async\" width=\"960\" height=\"720\" src=\"https:\/\/www.leschambresdusoleil-montblanc.com\/wp-content\/uploads\/2021\/06\/Via-Ferrata-1024x768.jpg\" class=\"attachment-large size-large wp-image-5329\" alt=\"\" srcset=\"https:\/\/www.leschambresdusoleil-montblanc.com\/wp-content\/uploads\/2021\/06\/Via-Ferrata-1024x768.jpg 1024w, https:\/\/www.leschambresdusoleil-montblanc.com\/wp-content\/uploads\/2021\/06\/Via-Ferrata-300x225.jpg 300w, https:\/\/www.leschambresdusoleil-montblanc.com\/wp-content\/uploads\/2021\/06\/Via-Ferrata-768x576.jpg 768w, https:\/\/www.leschambresdusoleil-montblanc.com\/wp-content\/uploads\/2021\/06\/Via-Ferrata-1536x1152.jpg 1536w, https:\/\/www.leschambresdusoleil-montblanc.com\/wp-content\/uploads\/2021\/06\/Via-Ferrata-400x300.jpg 400w, https:\/\/www.leschambresdusoleil-montblanc.com\/wp-content\/uploads\/2021\/06\/Via-Ferrata.jpg 1600w\" sizes=\"(max-width: 960px) 100vw, 960px\" \/>\t\t\t\t\t\t\t\t\t\t\t\t\t\t\t<\/div>\n\t\t\t\t<\/div>\n\t\t\t\t\t<\/div>\n\t\t<\/div>\n\t\t\t\t<div class=\"elementor-column elementor-col-50 elementor-top-column elementor-element elementor-element-a3ac8a8\" data-id=\"a3ac8a8\" data-element_type=\"column\" data-e-type=\"column\">\n\t\t\t<div class=\"elementor-widget-wrap elementor-element-populated\">\n\t\t\t\t\t\t<div class=\"elementor-element elementor-element-aa4dd8c elementor-widget elementor-widget-heading\" data-id=\"aa4dd8c\" data-element_type=\"widget\" data-e-type=\"widget\" data-widget_type=\"heading.default\">\n\t\t\t\t<div class=\"elementor-widget-container\">\n\t\t\t\t\t<h2 class=\"elementor-heading-title elementor-size-default\">CLIMBING &amp; VIA FERRATA<\/h2>\t\t\t\t<\/div>\n\t\t\t\t<\/div>\n\t\t\t\t<div class=\"elementor-element elementor-element-f37a77f elementor-widget elementor-widget-text-editor\" data-id=\"f37a77f\" data-element_type=\"widget\" data-e-type=\"widget\" data-widget_type=\"text-editor.default\">\n\t\t\t\t<div class=\"elementor-widget-container\">\n\t\t\t\t\t\t\t\t\t\n          <h6>The Pont St Antoine site is a natural climbing site.<\/h6>\n          <h6>The Rocher du Vent via ferrata is about 5 miles away.<\/h6>\n        \t\t\t\t\t\t\t\t<\/div>\n\t\t\t\t<\/div>\n\t\t\t\t\t<\/div>\n\t\t<\/div>\n\t\t\t\t\t<\/div>\n\t\t<\/section>\n\t\t\t\t<section class=\"elementor-section elementor-top-section elementor-element elementor-element-ded3a45 elementor-section-boxed elementor-section-height-default elementor-section-height-default\" data-id=\"ded3a45\" data-element_type=\"section\" data-e-type=\"section\">\n\t\t\t\t\t\t<div class=\"elementor-container elementor-column-gap-default\">\n\t\t\t\t\t<div class=\"elementor-column elementor-col-50 elementor-top-column elementor-element elementor-element-6bf1578\" data-id=\"6bf1578\" data-element_type=\"column\" data-e-type=\"column\">\n\t\t\t<div class=\"elementor-widget-wrap elementor-element-populated\">\n\t\t\t\t\t\t<div class=\"elementor-element elementor-element-8f36947 elementor-widget elementor-widget-image\" data-id=\"8f36947\" data-element_type=\"widget\" data-e-type=\"widget\" data-widget_type=\"image.default\">\n\t\t\t\t<div class=\"elementor-widget-container\">\n\t\t\t\t\t\t\t\t\t\t\t\t\t\t\t<img loading=\"lazy\" decoding=\"async\" width=\"960\" height=\"720\" src=\"https:\/\/www.leschambresdusoleil-montblanc.com\/wp-content\/uploads\/2021\/06\/Ski-alpinisme2-1024x768.jpg\" class=\"attachment-large size-large wp-image-5327\" alt=\"\" srcset=\"https:\/\/www.leschambresdusoleil-montblanc.com\/wp-content\/uploads\/2021\/06\/Ski-alpinisme2-1024x768.jpg 1024w, https:\/\/www.leschambresdusoleil-montblanc.com\/wp-content\/uploads\/2021\/06\/Ski-alpinisme2-300x225.jpg 300w, https:\/\/www.leschambresdusoleil-montblanc.com\/wp-content\/uploads\/2021\/06\/Ski-alpinisme2-768x576.jpg 768w, https:\/\/www.leschambresdusoleil-montblanc.com\/wp-content\/uploads\/2021\/06\/Ski-alpinisme2-1536x1152.jpg 1536w, https:\/\/www.leschambresdusoleil-montblanc.com\/wp-content\/uploads\/2021\/06\/Ski-alpinisme2-2048x1536.jpg 2048w, https:\/\/www.leschambresdusoleil-montblanc.com\/wp-content\/uploads\/2021\/06\/Ski-alpinisme2-400x300.jpg 400w\" sizes=\"(max-width: 960px) 100vw, 960px\" \/>\t\t\t\t\t\t\t\t\t\t\t\t\t\t\t<\/div>\n\t\t\t\t<\/div>\n\t\t\t\t\t<\/div>\n\t\t<\/div>\n\t\t\t\t<div class=\"elementor-column elementor-col-50 elementor-top-column elementor-element elementor-element-d0993c6\" data-id=\"d0993c6\" data-element_type=\"column\" data-e-type=\"column\">\n\t\t\t<div class=\"elementor-widget-wrap elementor-element-populated\">\n\t\t\t\t\t\t<div class=\"elementor-element elementor-element-f71d6f5 elementor-widget elementor-widget-heading\" data-id=\"f71d6f5\" data-element_type=\"widget\" data-e-type=\"widget\" data-widget_type=\"heading.default\">\n\t\t\t\t<div class=\"elementor-widget-container\">\n\t\t\t\t\t<h2 class=\"elementor-heading-title elementor-size-default\">SKI TOURING \n&amp; ALPINISM<\/h2>\t\t\t\t<\/div>\n\t\t\t\t<\/div>\n\t\t\t\t<div class=\"elementor-element elementor-element-cf7df9d elementor-widget elementor-widget-text-editor\" data-id=\"cf7df9d\" data-element_type=\"widget\" data-e-type=\"widget\" data-widget_type=\"text-editor.default\">\n\t\t\t\t<div class=\"elementor-widget-container\">\n\t\t\t\t\t\t\t\t\t\n          <h6>These activities take place in spring. You can discover: <br>&#8211; The D\u00f4me des Glaciers<br>&#8211; The Mont Tondu<br>&#8211; The Petite aiguille des glaciers<br>&#8211; The Combe de la Nova<br>&#8211; The Combe d&#8217;Arpire<br>&#8211; The Col des fours and the Col du Grand Fond<\/h6>\n        \t\t\t\t\t\t\t\t<\/div>\n\t\t\t\t<\/div>\n\t\t\t\t\t<\/div>\n\t\t<\/div>\n\t\t\t\t\t<\/div>\n\t\t<\/section>\n\t\t\t\t<section class=\"elementor-section elementor-top-section elementor-element elementor-element-751d4fc elementor-section-boxed elementor-section-height-default elementor-section-height-default\" data-id=\"751d4fc\" data-element_type=\"section\" data-e-type=\"section\">\n\t\t\t\t\t\t<div class=\"elementor-container elementor-column-gap-default\">\n\t\t\t\t\t<div class=\"elementor-column elementor-col-50 elementor-top-column elementor-element elementor-element-10f5967\" data-id=\"10f5967\" data-element_type=\"column\" data-e-type=\"column\">\n\t\t\t<div class=\"elementor-widget-wrap elementor-element-populated\">\n\t\t\t\t\t\t<div class=\"elementor-element elementor-element-07e3f8c elementor-widget elementor-widget-image\" data-id=\"07e3f8c\" data-element_type=\"widget\" data-e-type=\"widget\" data-widget_type=\"image.default\">\n\t\t\t\t<div class=\"elementor-widget-container\">\n\t\t\t\t\t\t\t\t\t\t\t\t\t\t\t<img loading=\"lazy\" decoding=\"async\" width=\"960\" height=\"717\" src=\"https:\/\/www.leschambresdusoleil-montblanc.com\/wp-content\/uploads\/2021\/06\/barrage-1-1024x765.png\" class=\"attachment-large size-large wp-image-5812\" alt=\"\" srcset=\"https:\/\/www.leschambresdusoleil-montblanc.com\/wp-content\/uploads\/2021\/06\/barrage-1-1024x765.png 1024w, https:\/\/www.leschambresdusoleil-montblanc.com\/wp-content\/uploads\/2021\/06\/barrage-1-300x224.png 300w, https:\/\/www.leschambresdusoleil-montblanc.com\/wp-content\/uploads\/2021\/06\/barrage-1-768x573.png 768w, https:\/\/www.leschambresdusoleil-montblanc.com\/wp-content\/uploads\/2021\/06\/barrage-1-400x300.png 400w, https:\/\/www.leschambresdusoleil-montblanc.com\/wp-content\/uploads\/2021\/06\/barrage-1.png 1200w\" sizes=\"(max-width: 960px) 100vw, 960px\" \/>\t\t\t\t\t\t\t\t\t\t\t\t\t\t\t<\/div>\n\t\t\t\t<\/div>\n\t\t\t\t\t<\/div>\n\t\t<\/div>\n\t\t\t\t<div class=\"elementor-column elementor-col-50 elementor-top-column elementor-element elementor-element-93d04f0\" data-id=\"93d04f0\" data-element_type=\"column\" data-e-type=\"column\">\n\t\t\t<div class=\"elementor-widget-wrap elementor-element-populated\">\n\t\t\t\t\t\t<div class=\"elementor-element elementor-element-5491718 elementor-widget elementor-widget-heading\" data-id=\"5491718\" data-element_type=\"widget\" data-e-type=\"widget\" data-widget_type=\"heading.default\">\n\t\t\t\t<div class=\"elementor-widget-container\">\n\t\t\t\t\t<h2 class=\"elementor-heading-title elementor-size-default\">ANGLING<\/h2>\t\t\t\t<\/div>\n\t\t\t\t<\/div>\n\t\t\t\t<div class=\"elementor-element elementor-element-cea99a1 elementor-widget elementor-widget-text-editor\" data-id=\"cea99a1\" data-element_type=\"widget\" data-e-type=\"widget\" data-widget_type=\"text-editor.default\">\n\t\t\t\t<div class=\"elementor-widget-container\">\n\t\t\t\t\t\t\t\t\t\n          <h6>There are several sites where you can go fishing in the middle of nature:<br>&#8211; Lake Roselend<br>&#8211; The torrent of the glaciers.<\/h6>\n        \t\t\t\t\t\t\t\t<\/div>\n\t\t\t\t<\/div>\n\t\t\t\t\t<\/div>\n\t\t<\/div>\n\t\t\t\t\t<\/div>\n\t\t<\/section>\n\t\t\t\t<section class=\"elementor-section elementor-top-section elementor-element elementor-element-2f98a95 elementor-section-boxed elementor-section-height-default elementor-section-height-default\" data-id=\"2f98a95\" data-element_type=\"section\" data-e-type=\"section\">\n\t\t\t\t\t\t<div class=\"elementor-container elementor-column-gap-default\">\n\t\t\t\t\t<div class=\"elementor-column elementor-col-50 elementor-top-column elementor-element elementor-element-b99c84a\" data-id=\"b99c84a\" data-element_type=\"column\" data-e-type=\"column\">\n\t\t\t<div class=\"elementor-widget-wrap elementor-element-populated\">\n\t\t\t\t\t\t<div class=\"elementor-element elementor-element-56506e3 elementor-widget elementor-widget-image\" data-id=\"56506e3\" data-element_type=\"widget\" data-e-type=\"widget\" data-widget_type=\"image.default\">\n\t\t\t\t<div class=\"elementor-widget-container\">\n\t\t\t\t\t\t\t\t\t\t\t\t\t\t\t<img loading=\"lazy\" decoding=\"async\" width=\"960\" height=\"691\" src=\"https:\/\/www.leschambresdusoleil-montblanc.com\/wp-content\/uploads\/2021\/06\/vachesok-1-1024x737.png\" class=\"attachment-large size-large wp-image-5824\" alt=\"\" srcset=\"https:\/\/www.leschambresdusoleil-montblanc.com\/wp-content\/uploads\/2021\/06\/vachesok-1-1024x737.png 1024w, https:\/\/www.leschambresdusoleil-montblanc.com\/wp-content\/uploads\/2021\/06\/vachesok-1-300x216.png 300w, https:\/\/www.leschambresdusoleil-montblanc.com\/wp-content\/uploads\/2021\/06\/vachesok-1-768x553.png 768w, https:\/\/www.leschambresdusoleil-montblanc.com\/wp-content\/uploads\/2021\/06\/vachesok-1.png 1200w\" sizes=\"(max-width: 960px) 100vw, 960px\" \/>\t\t\t\t\t\t\t\t\t\t\t\t\t\t\t<\/div>\n\t\t\t\t<\/div>\n\t\t\t\t\t<\/div>\n\t\t<\/div>\n\t\t\t\t<div class=\"elementor-column elementor-col-50 elementor-top-column elementor-element elementor-element-934d499\" data-id=\"934d499\" data-element_type=\"column\" data-e-type=\"column\">\n\t\t\t<div class=\"elementor-widget-wrap elementor-element-populated\">\n\t\t\t\t\t\t<div class=\"elementor-element elementor-element-965357c elementor-widget elementor-widget-heading\" data-id=\"965357c\" data-element_type=\"widget\" data-e-type=\"widget\" data-widget_type=\"heading.default\">\n\t\t\t\t<div class=\"elementor-widget-container\">\n\t\t\t\t\t<h2 class=\"elementor-heading-title elementor-size-default\">LOCAL VISITS<\/h2>\t\t\t\t<\/div>\n\t\t\t\t<\/div>\n\t\t\t\t<div class=\"elementor-element elementor-element-ac82cd5 elementor-widget elementor-widget-text-editor\" data-id=\"ac82cd5\" data-element_type=\"widget\" data-e-type=\"widget\" data-widget_type=\"text-editor.default\">\n\t\t\t\t<div class=\"elementor-widget-container\">\n\t\t\t\t\t\t\t\t\t<h6>If you wish to discover the beautiful origins of the local cheese, it is possible to visit the surrounding farms:<br>&#8211; La Bergerie de la Fya aux Chapieux<br>&#8211; La fromagerie du GAEC des Glaciers et du GAEC Rullier \u00e0 la Ville des Glaciers.<\/h6>\t\t\t\t\t\t\t\t<\/div>\n\t\t\t\t<\/div>\n\t\t\t\t\t<\/div>\n\t\t<\/div>\n\t\t\t\t\t<\/div>\n\t\t<\/section>\n\t\t\t\t<\/div>\n\t\t","protected":false},"excerpt":{"rendered":"<p>HIKING From the Chapieux valley, the gateway to the Espace Mont Blanc, on the French side, you can do a number of hikes.The circuits&#8211; Le Tour du Mont Blanc&#8211; Le Tour du Beaufortain&#8211; Le Tour de Tarentaise&#8211; Gr5The day hikes on marked trails:&#8211; La Pointe de la Terrasse,&#8211; La T\u00eate nord des Fours,&#8211; La Cr\u00eate&#8230; <\/p>\n<div class=\"clear\"><\/div>\n<p><a href=\"https:\/\/www.leschambresdusoleil-montblanc.com\/en\/activities\/\" class=\"excerpt-read-more\">Continue Reading<i class=\"fa fa-long-arrow-right icon-long-arrow-right\"><\/i><\/a><\/p>\n","protected":false},"author":1,"featured_media":0,"parent":0,"menu_order":0,"comment_status":"closed","ping_status":"closed","template":"","meta":{"footnotes":""},"class_list":["post-6547","page","type-page","status-publish","hentry"],"_links":{"self":[{"href":"https:\/\/www.leschambresdusoleil-montblanc.com\/en\/wp-json\/wp\/v2\/pages\/6547","targetHints":{"allow":["GET"]}}],"collection":[{"href":"https:\/\/www.leschambresdusoleil-montblanc.com\/en\/wp-json\/wp\/v2\/pages"}],"about":[{"href":"https:\/\/www.leschambresdusoleil-montblanc.com\/en\/wp-json\/wp\/v2\/types\/page"}],"author":[{"embeddable":true,"href":"https:\/\/www.leschambresdusoleil-montblanc.com\/en\/wp-json\/wp\/v2\/users\/1"}],"replies":[{"embeddable":true,"href":"https:\/\/www.leschambresdusoleil-montblanc.com\/en\/wp-json\/wp\/v2\/comments?post=6547"}],"version-history":[{"count":6,"href":"https:\/\/www.leschambresdusoleil-montblanc.com\/en\/wp-json\/wp\/v2\/pages\/6547\/revisions"}],"predecessor-version":[{"id":6811,"href":"https:\/\/www.leschambresdusoleil-montblanc.com\/en\/wp-json\/wp\/v2\/pages\/6547\/revisions\/6811"}],"wp:attachment":[{"href":"https:\/\/www.leschambresdusoleil-montblanc.com\/en\/wp-json\/wp\/v2\/media?parent=6547"}],"curies":[{"name":"wp","href":"https:\/\/api.w.org\/{rel}","templated":true}]}}