{"id":6542,"date":"2013-12-11T07:21:51","date_gmt":"2013-12-11T06:21:51","guid":{"rendered":"https:\/\/www.leschambresdusoleil-montblanc.com\/restaurant\/"},"modified":"2025-11-25T14:41:07","modified_gmt":"2025-11-25T13:41:07","slug":"restaurant","status":"publish","type":"page","link":"https:\/\/www.leschambresdusoleil-montblanc.com\/en\/restaurant\/","title":{"rendered":"Restaurant"},"content":{"rendered":"\t\t<div data-elementor-type=\"wp-post\" data-elementor-id=\"6542\" class=\"elementor elementor-6542 elementor-1122\">\n\t\t\t\t\t\t<section class=\"elementor-section elementor-top-section elementor-element elementor-element-2628507 elementor-section-boxed elementor-section-height-default elementor-section-height-default\" data-id=\"2628507\" data-element_type=\"section\" data-e-type=\"section\">\n\t\t\t\t\t\t<div class=\"elementor-container elementor-column-gap-default\">\n\t\t\t\t\t<div class=\"elementor-column elementor-col-50 elementor-top-column elementor-element elementor-element-3966cda\" data-id=\"3966cda\" data-element_type=\"column\" data-e-type=\"column\">\n\t\t\t<div class=\"elementor-widget-wrap elementor-element-populated\">\n\t\t\t\t\t\t<div class=\"elementor-element elementor-element-02f0818 elementor-arrows-position-inside elementor-widget elementor-widget-image-carousel\" data-id=\"02f0818\" data-element_type=\"widget\" data-e-type=\"widget\" data-settings=\"{&quot;slides_to_show&quot;:&quot;1&quot;,&quot;navigation&quot;:&quot;arrows&quot;,&quot;autoplay&quot;:&quot;yes&quot;,&quot;pause_on_hover&quot;:&quot;yes&quot;,&quot;pause_on_interaction&quot;:&quot;yes&quot;,&quot;autoplay_speed&quot;:5000,&quot;infinite&quot;:&quot;yes&quot;,&quot;effect&quot;:&quot;slide&quot;,&quot;speed&quot;:500}\" data-widget_type=\"image-carousel.default\">\n\t\t\t\t<div class=\"elementor-widget-container\">\n\t\t\t\t\t\t\t<div class=\"elementor-image-carousel-wrapper swiper\" role=\"region\" aria-roledescription=\"carousel\" aria-label=\"Carrousel d\u2019images\" dir=\"ltr\">\n\t\t\t<div class=\"elementor-image-carousel swiper-wrapper\" aria-live=\"off\">\n\t\t\t\t\t\t\t\t<div class=\"swiper-slide\" role=\"group\" aria-roledescription=\"slide\" aria-label=\"1 of 7\"><figure class=\"swiper-slide-inner\"><img decoding=\"async\" class=\"swiper-slide-image\" src=\"https:\/\/www.leschambresdusoleil-montblanc.com\/wp-content\/uploads\/2021\/06\/bar-1024x683.jpg\" alt=\"bar\" \/><\/figure><\/div><div class=\"swiper-slide\" role=\"group\" aria-roledescription=\"slide\" aria-label=\"2 of 7\"><figure class=\"swiper-slide-inner\"><img decoding=\"async\" class=\"swiper-slide-image\" src=\"https:\/\/www.leschambresdusoleil-montblanc.com\/wp-content\/uploads\/2021\/06\/assiettefromage-1024x683.jpg\" alt=\"assiettefromage\" \/><\/figure><\/div><div class=\"swiper-slide\" role=\"group\" aria-roledescription=\"slide\" aria-label=\"3 of 7\"><figure class=\"swiper-slide-inner\"><img decoding=\"async\" class=\"swiper-slide-image\" src=\"https:\/\/www.leschambresdusoleil-montblanc.com\/wp-content\/uploads\/2021\/06\/terrasse2-1024x683.jpg\" alt=\"terrasse2\" \/><\/figure><\/div><div class=\"swiper-slide\" role=\"group\" aria-roledescription=\"slide\" aria-label=\"4 of 7\"><figure class=\"swiper-slide-inner\"><img decoding=\"async\" class=\"swiper-slide-image\" src=\"https:\/\/www.leschambresdusoleil-montblanc.com\/wp-content\/uploads\/2021\/06\/jardin-1024x683.jpg\" alt=\"jardin\" \/><\/figure><\/div><div class=\"swiper-slide\" role=\"group\" aria-roledescription=\"slide\" aria-label=\"5 of 7\"><figure class=\"swiper-slide-inner\"><img decoding=\"async\" class=\"swiper-slide-image\" src=\"https:\/\/www.leschambresdusoleil-montblanc.com\/wp-content\/uploads\/2021\/06\/terassebarbecue-1024x683.jpg\" alt=\"terassebarbecue\" \/><\/figure><\/div><div class=\"swiper-slide\" role=\"group\" aria-roledescription=\"slide\" aria-label=\"6 of 7\"><figure class=\"swiper-slide-inner\"><img decoding=\"async\" class=\"swiper-slide-image\" src=\"https:\/\/www.leschambresdusoleil-montblanc.com\/wp-content\/uploads\/2021\/06\/terrasse-1024x683.jpg\" alt=\"terrasse\" \/><\/figure><\/div><div class=\"swiper-slide\" role=\"group\" aria-roledescription=\"slide\" aria-label=\"7 of 7\"><figure class=\"swiper-slide-inner\"><img decoding=\"async\" class=\"swiper-slide-image\" src=\"https:\/\/www.leschambresdusoleil-montblanc.com\/wp-content\/uploads\/2021\/06\/bar2-1024x683.jpg\" alt=\"bar2\" \/><\/figure><\/div>\t\t\t<\/div>\n\t\t\t\t\t\t\t\t\t\t\t\t<div class=\"elementor-swiper-button elementor-swiper-button-prev\" role=\"button\" tabindex=\"0\">\n\t\t\t\t\t\t<i aria-hidden=\"true\" class=\"eicon-chevron-left\"><\/i>\t\t\t\t\t<\/div>\n\t\t\t\t\t<div class=\"elementor-swiper-button elementor-swiper-button-next\" role=\"button\" tabindex=\"0\">\n\t\t\t\t\t\t<i aria-hidden=\"true\" class=\"eicon-chevron-right\"><\/i>\t\t\t\t\t<\/div>\n\t\t\t\t\n\t\t\t\t\t\t\t\t\t<\/div>\n\t\t\t\t\t\t<\/div>\n\t\t\t\t<\/div>\n\t\t\t\t\t<\/div>\n\t\t<\/div>\n\t\t\t\t<div class=\"elementor-column elementor-col-50 elementor-top-column elementor-element elementor-element-5f49ce8\" data-id=\"5f49ce8\" data-element_type=\"column\" data-e-type=\"column\">\n\t\t\t<div class=\"elementor-widget-wrap elementor-element-populated\">\n\t\t\t\t\t\t<div class=\"elementor-element elementor-element-f14b8fb elementor-widget elementor-widget-heading\" data-id=\"f14b8fb\" data-element_type=\"widget\" data-e-type=\"widget\" data-widget_type=\"heading.default\">\n\t\t\t\t<div class=\"elementor-widget-container\">\n\t\t\t\t\t<h2 class=\"elementor-heading-title elementor-size-default\">\n          <span style=\"font-family: Oswald;font-size: 41px;font-weight: 400\">BY DAY<\/span>\n        <\/h2>\t\t\t\t<\/div>\n\t\t\t\t<\/div>\n\t\t\t\t<div class=\"elementor-element elementor-element-ab2ab09 elementor-widget elementor-widget-text-editor\" data-id=\"ab2ab09\" data-element_type=\"widget\" data-e-type=\"widget\" data-widget_type=\"text-editor.default\">\n\t\t\t\t<div class=\"elementor-widget-container\">\n\t\t\t\t\t\t\t\t\t<h6><strong>The bar<\/strong> is open from morning to night to quench your thirst.<br \/><strong>You will find a great selection of local drinks!<\/strong><br \/>&#8211; fruit juices made in the Rh\u00f4ne-Alps, organic sodas and syrups from Haute-Savoie and Savoie<br \/>&#8211; the famous Chamb\u00e9ry spirits from Dolin, Vermouth, Bitter and Savoy cocktails such as the Spritz de Chamb\u00e9ry and others!<br \/>&#8211; beers made in the microbreweries of the Tarentaise.<\/h6><h6><strong>At lunchtime,<\/strong> enjoy the calm of our beautiful terrace for an aperitif, savour a barbecue plate and prolong the relaxation with a gourmet dessert.<\/h6><h6>On request, we prepare <strong>picnics for hikers to take away<\/strong>.<\/h6>\t\t\t\t\t\t\t\t<\/div>\n\t\t\t\t<\/div>\n\t\t\t\t\t<\/div>\n\t\t<\/div>\n\t\t\t\t\t<\/div>\n\t\t<\/section>\n\t\t\t\t<section class=\"elementor-section elementor-top-section elementor-element elementor-element-ca13b35 elementor-section-boxed elementor-section-height-default elementor-section-height-default\" data-id=\"ca13b35\" data-element_type=\"section\" data-e-type=\"section\">\n\t\t\t\t\t\t<div class=\"elementor-container elementor-column-gap-default\">\n\t\t\t\t\t<div class=\"elementor-column elementor-col-50 elementor-top-column elementor-element elementor-element-39f68f5\" data-id=\"39f68f5\" data-element_type=\"column\" data-e-type=\"column\">\n\t\t\t<div class=\"elementor-widget-wrap elementor-element-populated\">\n\t\t\t\t\t\t<div class=\"elementor-element elementor-element-4284e98 elementor-arrows-position-inside elementor-widget elementor-widget-image-carousel\" data-id=\"4284e98\" data-element_type=\"widget\" data-e-type=\"widget\" data-settings=\"{&quot;slides_to_show&quot;:&quot;1&quot;,&quot;navigation&quot;:&quot;arrows&quot;,&quot;pause_on_interaction&quot;:&quot;no&quot;,&quot;autoplay&quot;:&quot;yes&quot;,&quot;pause_on_hover&quot;:&quot;yes&quot;,&quot;autoplay_speed&quot;:5000,&quot;infinite&quot;:&quot;yes&quot;,&quot;effect&quot;:&quot;slide&quot;,&quot;speed&quot;:500}\" data-widget_type=\"image-carousel.default\">\n\t\t\t\t<div class=\"elementor-widget-container\">\n\t\t\t\t\t\t\t<div class=\"elementor-image-carousel-wrapper swiper\" role=\"region\" aria-roledescription=\"carousel\" aria-label=\"Carrousel d\u2019images\" dir=\"ltr\">\n\t\t\t<div class=\"elementor-image-carousel swiper-wrapper\" aria-live=\"off\">\n\t\t\t\t\t\t\t\t<div class=\"swiper-slide\" role=\"group\" aria-roledescription=\"slide\" aria-label=\"1 of 3\"><figure class=\"swiper-slide-inner\"><img decoding=\"async\" class=\"swiper-slide-image\" src=\"https:\/\/www.leschambresdusoleil-montblanc.com\/wp-content\/uploads\/2021\/06\/restaurant3-1024x683.jpg\" alt=\"restaurant3\" \/><\/figure><\/div><div class=\"swiper-slide\" role=\"group\" aria-roledescription=\"slide\" aria-label=\"2 of 3\"><figure class=\"swiper-slide-inner\"><img decoding=\"async\" class=\"swiper-slide-image\" src=\"https:\/\/www.leschambresdusoleil-montblanc.com\/wp-content\/uploads\/2021\/06\/salon2-1024x683.jpg\" alt=\"salon2\" \/><\/figure><\/div><div class=\"swiper-slide\" role=\"group\" aria-roledescription=\"slide\" aria-label=\"3 of 3\"><figure class=\"swiper-slide-inner\"><img decoding=\"async\" class=\"swiper-slide-image\" src=\"https:\/\/www.leschambresdusoleil-montblanc.com\/wp-content\/uploads\/2021\/06\/restaurant4-1024x683.jpg\" alt=\"restaurant4\" \/><\/figure><\/div>\t\t\t<\/div>\n\t\t\t\t\t\t\t\t\t\t\t\t<div class=\"elementor-swiper-button elementor-swiper-button-prev\" role=\"button\" tabindex=\"0\">\n\t\t\t\t\t\t<i aria-hidden=\"true\" class=\"eicon-chevron-left\"><\/i>\t\t\t\t\t<\/div>\n\t\t\t\t\t<div class=\"elementor-swiper-button elementor-swiper-button-next\" role=\"button\" tabindex=\"0\">\n\t\t\t\t\t\t<i aria-hidden=\"true\" class=\"eicon-chevron-right\"><\/i>\t\t\t\t\t<\/div>\n\t\t\t\t\n\t\t\t\t\t\t\t\t\t<\/div>\n\t\t\t\t\t\t<\/div>\n\t\t\t\t<\/div>\n\t\t\t\t\t<\/div>\n\t\t<\/div>\n\t\t\t\t<div class=\"elementor-column elementor-col-50 elementor-top-column elementor-element elementor-element-f57a100\" data-id=\"f57a100\" data-element_type=\"column\" data-e-type=\"column\">\n\t\t\t<div class=\"elementor-widget-wrap elementor-element-populated\">\n\t\t\t\t\t\t<div class=\"elementor-element elementor-element-9ddac20 elementor-widget elementor-widget-heading\" data-id=\"9ddac20\" data-element_type=\"widget\" data-e-type=\"widget\" data-widget_type=\"heading.default\">\n\t\t\t\t<div class=\"elementor-widget-container\">\n\t\t\t\t\t<h2 class=\"elementor-heading-title elementor-size-default\">\n          <font color=\"#454545\" face=\"Oswald\">\n            <span style=\"font-weight: 400\">IN THE EVENING<\/span>\n          <\/font>\n        <\/h2>\t\t\t\t<\/div>\n\t\t\t\t<\/div>\n\t\t\t\t<div class=\"elementor-element elementor-element-6705494 elementor-widget elementor-widget-text-editor\" data-id=\"6705494\" data-element_type=\"widget\" data-e-type=\"widget\" data-widget_type=\"text-editor.default\">\n\t\t\t\t<div class=\"elementor-widget-container\">\n\t\t\t\t\t\t\t\t\t<h6 style=\"text-align: left;\">For our half-board guests, an enjoyable dinner of local specialities is prepared for you by Pierre.<\/h6><h6>Some Pierre&#8217;s specialities?<br \/>The unmissable nettle soup, the succulent gratin dauphinois and its trout fillet, the creamy caramel&#8230; They will tantalise your taste buds!<\/h6><h6>Meals are served at 7pm and include:<\/h6><h6 style=\"text-align: center;\">\u2022 A starter<br \/>\u2022 A side dish<br \/>\u2022 Cheese<br \/>\u2022 A dessert<\/h6>\t\t\t\t\t\t\t\t<\/div>\n\t\t\t\t<\/div>\n\t\t\t\t\t<\/div>\n\t\t<\/div>\n\t\t\t\t\t<\/div>\n\t\t<\/section>\n\t\t\t\t<section class=\"elementor-section elementor-top-section elementor-element elementor-element-447cdd1 elementor-section-boxed elementor-section-height-default elementor-section-height-default\" data-id=\"447cdd1\" data-element_type=\"section\" data-e-type=\"section\">\n\t\t\t\t\t\t<div class=\"elementor-container elementor-column-gap-default\">\n\t\t\t\t\t<div class=\"elementor-column elementor-col-50 elementor-top-column elementor-element elementor-element-910d5c4\" data-id=\"910d5c4\" data-element_type=\"column\" data-e-type=\"column\">\n\t\t\t<div class=\"elementor-widget-wrap elementor-element-populated\">\n\t\t\t\t\t\t<div class=\"elementor-element elementor-element-38c01d8 elementor-arrows-position-inside elementor-widget elementor-widget-image-carousel\" data-id=\"38c01d8\" data-element_type=\"widget\" data-e-type=\"widget\" data-settings=\"{&quot;slides_to_show&quot;:&quot;1&quot;,&quot;navigation&quot;:&quot;arrows&quot;,&quot;pause_on_interaction&quot;:&quot;no&quot;,&quot;autoplay&quot;:&quot;yes&quot;,&quot;pause_on_hover&quot;:&quot;yes&quot;,&quot;autoplay_speed&quot;:5000,&quot;infinite&quot;:&quot;yes&quot;,&quot;effect&quot;:&quot;slide&quot;,&quot;speed&quot;:500}\" data-widget_type=\"image-carousel.default\">\n\t\t\t\t<div class=\"elementor-widget-container\">\n\t\t\t\t\t\t\t<div class=\"elementor-image-carousel-wrapper swiper\" role=\"region\" aria-roledescription=\"carousel\" aria-label=\"Carrousel d\u2019images\" dir=\"ltr\">\n\t\t\t<div class=\"elementor-image-carousel swiper-wrapper\" aria-live=\"off\">\n\t\t\t\t\t\t\t\t<div class=\"swiper-slide\" role=\"group\" aria-roledescription=\"slide\" aria-label=\"1 of 3\"><figure class=\"swiper-slide-inner\"><img decoding=\"async\" class=\"swiper-slide-image\" src=\"https:\/\/www.leschambresdusoleil-montblanc.com\/wp-content\/uploads\/2021\/06\/Petit-dej-1024x683.jpg\" alt=\"Petit-dej\" \/><\/figure><\/div><div class=\"swiper-slide\" role=\"group\" aria-roledescription=\"slide\" aria-label=\"2 of 3\"><figure class=\"swiper-slide-inner\"><img decoding=\"async\" class=\"swiper-slide-image\" src=\"https:\/\/www.leschambresdusoleil-montblanc.com\/wp-content\/uploads\/2021\/06\/Petitdej2-1024x683.jpg\" alt=\"Petitdej2\" \/><\/figure><\/div><div class=\"swiper-slide\" role=\"group\" aria-roledescription=\"slide\" aria-label=\"3 of 3\"><figure class=\"swiper-slide-inner\"><img decoding=\"async\" class=\"swiper-slide-image\" src=\"https:\/\/www.leschambresdusoleil-montblanc.com\/wp-content\/uploads\/2021\/07\/Petitdej2-1-1024x683.jpg\" alt=\"Petitdej2\" \/><\/figure><\/div>\t\t\t<\/div>\n\t\t\t\t\t\t\t\t\t\t\t\t<div class=\"elementor-swiper-button elementor-swiper-button-prev\" role=\"button\" tabindex=\"0\">\n\t\t\t\t\t\t<i aria-hidden=\"true\" class=\"eicon-chevron-left\"><\/i>\t\t\t\t\t<\/div>\n\t\t\t\t\t<div class=\"elementor-swiper-button elementor-swiper-button-next\" role=\"button\" tabindex=\"0\">\n\t\t\t\t\t\t<i aria-hidden=\"true\" class=\"eicon-chevron-right\"><\/i>\t\t\t\t\t<\/div>\n\t\t\t\t\n\t\t\t\t\t\t\t\t\t<\/div>\n\t\t\t\t\t\t<\/div>\n\t\t\t\t<\/div>\n\t\t\t\t\t<\/div>\n\t\t<\/div>\n\t\t\t\t<div class=\"elementor-column elementor-col-50 elementor-top-column elementor-element elementor-element-a7e1dee\" data-id=\"a7e1dee\" data-element_type=\"column\" data-e-type=\"column\">\n\t\t\t<div class=\"elementor-widget-wrap elementor-element-populated\">\n\t\t\t\t\t\t<div class=\"elementor-element elementor-element-a2e4db9 elementor-widget elementor-widget-heading\" data-id=\"a2e4db9\" data-element_type=\"widget\" data-e-type=\"widget\" data-widget_type=\"heading.default\">\n\t\t\t\t<div class=\"elementor-widget-container\">\n\t\t\t\t\t<h2 class=\"elementor-heading-title elementor-size-default\">\n          <span style=\"font-size: 41px;font-weight: 400;font-family: Oswald\">LE P'TIT DEJEUNER<\/span>\n        <\/h2>\t\t\t\t<\/div>\n\t\t\t\t<\/div>\n\t\t\t\t<div class=\"elementor-element elementor-element-43cd5b7 elementor-widget elementor-widget-text-editor\" data-id=\"43cd5b7\" data-element_type=\"widget\" data-e-type=\"widget\" data-widget_type=\"text-editor.default\">\n\t\t\t\t<div class=\"elementor-widget-container\">\n\t\t\t\t\t\t\t\t\t<h6>Breakfast will set you up for the day!<\/h6>\n<h6>C\u00e9line serves you a hearty breakfast every morning (from 7am to 8:30 am) to build up your strength for the day ahead.<\/h6>\t\t\t\t\t\t\t\t<\/div>\n\t\t\t\t<\/div>\n\t\t\t\t\t<\/div>\n\t\t<\/div>\n\t\t\t\t\t<\/div>\n\t\t<\/section>\n\t\t\t\t<section class=\"elementor-section elementor-top-section elementor-element elementor-element-cbfc7fb elementor-section-boxed elementor-section-height-default elementor-section-height-default\" data-id=\"cbfc7fb\" data-element_type=\"section\" data-e-type=\"section\">\n\t\t\t\t\t\t<div class=\"elementor-container elementor-column-gap-default\">\n\t\t\t\t\t<div class=\"elementor-column elementor-col-50 elementor-top-column elementor-element elementor-element-30328d7\" data-id=\"30328d7\" data-element_type=\"column\" data-e-type=\"column\">\n\t\t\t<div class=\"elementor-widget-wrap elementor-element-populated\">\n\t\t\t\t\t\t<div class=\"elementor-element elementor-element-846b94f elementor-widget elementor-widget-image\" data-id=\"846b94f\" data-element_type=\"widget\" data-e-type=\"widget\" data-widget_type=\"image.default\">\n\t\t\t\t<div class=\"elementor-widget-container\">\n\t\t\t\t\t\t\t\t\t\t\t\t\t\t\t<img fetchpriority=\"high\" decoding=\"async\" width=\"960\" height=\"640\" src=\"https:\/\/www.leschambresdusoleil-montblanc.com\/wp-content\/uploads\/2021\/06\/concert-andierichie-1024x683.jpg\" class=\"attachment-large size-large wp-image-5638\" alt=\"\" srcset=\"https:\/\/www.leschambresdusoleil-montblanc.com\/wp-content\/uploads\/2021\/06\/concert-andierichie-1024x683.jpg 1024w, https:\/\/www.leschambresdusoleil-montblanc.com\/wp-content\/uploads\/2021\/06\/concert-andierichie-300x200.jpg 300w, https:\/\/www.leschambresdusoleil-montblanc.com\/wp-content\/uploads\/2021\/06\/concert-andierichie-768x512.jpg 768w, https:\/\/www.leschambresdusoleil-montblanc.com\/wp-content\/uploads\/2021\/06\/concert-andierichie.jpg 1200w\" sizes=\"(max-width: 960px) 100vw, 960px\" \/>\t\t\t\t\t\t\t\t\t\t\t\t\t\t\t<\/div>\n\t\t\t\t<\/div>\n\t\t\t\t\t<\/div>\n\t\t<\/div>\n\t\t\t\t<div class=\"elementor-column elementor-col-50 elementor-top-column elementor-element elementor-element-c777c67\" data-id=\"c777c67\" data-element_type=\"column\" data-e-type=\"column\">\n\t\t\t<div class=\"elementor-widget-wrap elementor-element-populated\">\n\t\t\t\t\t\t<div class=\"elementor-element elementor-element-4340a0f elementor-widget elementor-widget-heading\" data-id=\"4340a0f\" data-element_type=\"widget\" data-e-type=\"widget\" data-widget_type=\"heading.default\">\n\t\t\t\t<div class=\"elementor-widget-container\">\n\t\t\t\t\t<h2 class=\"elementor-heading-title elementor-size-default\">\n          <span style=\"font-size: 41px;font-weight: 400;font-family: Oswald\">A SPECIAL OPPORTUNITY?<\/span>\n        <\/h2>\t\t\t\t<\/div>\n\t\t\t\t<\/div>\n\t\t\t\t<div class=\"elementor-element elementor-element-c7d1a2d elementor-widget elementor-widget-text-editor\" data-id=\"c7d1a2d\" data-element_type=\"widget\" data-e-type=\"widget\" data-widget_type=\"text-editor.default\">\n\t\t\t\t<div class=\"elementor-widget-container\">\n\t\t\t\t\t\t\t\t\t\n          <h6> <\/h6>\n          <h6>On request we can organise vour events (birthday, family parties, garden parties, company seminars, etc.).<br>Meals, buffets, aperitifs, brunches, snacks, etc.<br>The garden can be privatised to accommodate up to 100 people.<\/h6>\n          <h6>Do not hesitate to contact us by email lesoleildeschapieux@gmail.com, to tell us what you require and get a quote.<\/h6>\n        \t\t\t\t\t\t\t\t<\/div>\n\t\t\t\t<\/div>\n\t\t\t\t\t<\/div>\n\t\t<\/div>\n\t\t\t\t\t<\/div>\n\t\t<\/section>\n\t\t\t\t<\/div>\n\t\t","protected":false},"excerpt":{"rendered":"<p>BY DAY The bar is open from morning to night to quench your thirst.You will find a great selection of local drinks!&#8211; fruit juices made in the Rh\u00f4ne-Alps, organic sodas and syrups from Haute-Savoie and Savoie&#8211; the famous Chamb\u00e9ry spirits from Dolin, Vermouth, Bitter and Savoy cocktails such as the Spritz de Chamb\u00e9ry and others!&#8211;&#8230; <\/p>\n<div class=\"clear\"><\/div>\n<p><a href=\"https:\/\/www.leschambresdusoleil-montblanc.com\/en\/restaurant\/\" class=\"excerpt-read-more\">Continue Reading<i class=\"fa fa-long-arrow-right icon-long-arrow-right\"><\/i><\/a><\/p>\n","protected":false},"author":1,"featured_media":0,"parent":0,"menu_order":0,"comment_status":"closed","ping_status":"closed","template":"","meta":{"footnotes":""},"class_list":["post-6542","page","type-page","status-publish","hentry"],"_links":{"self":[{"href":"https:\/\/www.leschambresdusoleil-montblanc.com\/en\/wp-json\/wp\/v2\/pages\/6542","targetHints":{"allow":["GET"]}}],"collection":[{"href":"https:\/\/www.leschambresdusoleil-montblanc.com\/en\/wp-json\/wp\/v2\/pages"}],"about":[{"href":"https:\/\/www.leschambresdusoleil-montblanc.com\/en\/wp-json\/wp\/v2\/types\/page"}],"author":[{"embeddable":true,"href":"https:\/\/www.leschambresdusoleil-montblanc.com\/en\/wp-json\/wp\/v2\/users\/1"}],"replies":[{"embeddable":true,"href":"https:\/\/www.leschambresdusoleil-montblanc.com\/en\/wp-json\/wp\/v2\/comments?post=6542"}],"version-history":[{"count":6,"href":"https:\/\/www.leschambresdusoleil-montblanc.com\/en\/wp-json\/wp\/v2\/pages\/6542\/revisions"}],"predecessor-version":[{"id":6805,"href":"https:\/\/www.leschambresdusoleil-montblanc.com\/en\/wp-json\/wp\/v2\/pages\/6542\/revisions\/6805"}],"wp:attachment":[{"href":"https:\/\/www.leschambresdusoleil-montblanc.com\/en\/wp-json\/wp\/v2\/media?parent=6542"}],"curies":[{"name":"wp","href":"https:\/\/api.w.org\/{rel}","templated":true}]}}